{"id":665,"date":"2017-04-10T14:59:00","date_gmt":"2017-04-10T12:59:00","guid":{"rendered":"http:\/\/www.chateautremouries.com\/?page_id=665"},"modified":"2023-10-26T08:25:29","modified_gmt":"2023-10-26T06:25:29","slug":"accueil","status":"publish","type":"page","link":"https:\/\/www.chateautremouries.com\/en\/","title":{"rendered":"Home"},"content":{"rendered":"\n\n\t\t\t\t<img loading=\"lazy\" decoding=\"async\" src=\"https:\/\/www.chateautremouries.com\/wp-content\/uploads\/2017\/03\/logo.png\" alt=\"logo\" itemprop=\"image\" height=\"160\" width=\"177\" title=\"logo\" onerror=\"this.style.display='none'\"  \/>\n\t<p>Let us show you<\/p>\n\t<p>The Castle Of Tr\u00e9mouri\u00e8s<\/p>\n\t\t\t<a href=\"https:\/\/www.chateautremouries.com\/en\/shop\/\" target=\"_self\" role=\"button\" rel=\"noopener\">\n\t\t\t\t\t\t\tOur shop\n\t\t\t\t\t<\/a>\n\t<h1>Les ch\u00e2teaux de Tremouries<\/h1>\n\t<p>Nestled among the vineyards, around which are planted beautiful rosebushes, the Ch\u00e2teau Tr\u00e9mouri\u00e8s is a<strong> small wine estate where quality and expertise are ever present<\/strong>. A typical Provencal setting awaits you in which you can discover its wines which are painstakingly produced from a selection of grape varieties such as Grenache, Syrah, Mourv\u00e8dre, Cinsault, Rolle, some of which are over 60 years old and AOP labeled, and continue to be <strong>cultivated in pure Var wine-making tradition<\/strong>.<\/p>\n<p>Come and taste a selection of award-winning, aromatic, oak cask matured reds and this year&#8217;s silver medal winning fruity ros\u00e9s.<\/p>\n<p>Since 2006, the olive growing was reintroduced into the propriety, which has since a small olive grove. The domain<strong> produces an unfiltered olive oil<\/strong>. The visitor can taste in the Provencal dovecot.<\/p>\n<p>A guesthouse called &#8220;La Maison des Oliviers\u00a0\u00ab\u00a0has just been opened, and it&#8217;s <strong>already a succes<\/strong>.<\/p>\n\t\t\t<a href=\"#\" target=\"_self\" role=\"button\" rel=\"noopener\">\n\t\t\t\t\t\t\tDiscover the history of the castle\n\t\t\t\t\t<\/a>\n\tOUR WINES WERE AWARDED IN DIFFERENT FAIRS. THEIR REPUTATION KEEP GROWING AS THE SAME TIME AS THE REPUTATION OF THE ONES WHO RAISE THEM WITH THEIR<br \/>\nKNOW-HOW AND PASSION\n\t<h2>DISCOVER OUR GRAPES<\/h2>\n\t<p><strong>The Ch\u00e2teau de Tr\u00e9mouri\u00e8s<\/strong> is a small family vineyard where we lovingly produce and grow quality products in small quantities. As regards its size, our vineyard presents an astonishing variety. <strong>Each pole of vineyard has its own character, its exposure, its slope, and even its land<\/strong>. For example, the &#8220;mica&#8221; so abundant in the pole of old &#8220;Grenache&#8221;, seems absent from the pole of &#8220;Syrah&#8221;. Each grape variety can thus take its ideal position.<\/p>\n\t\t\t<a href=\"#\" target=\"_self\" role=\"button\" rel=\"noopener\">\n\t\t\t\t\t\t\tDISCOVER OUR GRAPES\n\t\t\t\t\t<\/a>\n\t<h2>OUR SHOP<\/h2>\n\tOur wines were awarded in different fairs.<br \/>\nTheir reputation keep growing as the same time as the reputation<br \/>\nof the ones who raise them with their know-how and passion\n\t\t\t\t<a href=\"http:\/\/www.chateautremouries.com\/boutique\/#vins\" target=\"_self\" itemprop=\"url\" rel=\"noopener\">\n\t\t\t\t<img decoding=\"async\" src=\"https:\/\/www.chateautremouries.com\/wp-content\/uploads\/2016\/12\/BG9A9328-720x400.jpg\" alt=\"BG9A9328\" itemprop=\"image\" title=\"BG9A9328\" onerror=\"this.style.display='none'\"  \/>\n\t\t\t\t<\/a>\n\t<h3><a href=\"http:\/\/www.chateautremouries.com\/en\/boutique\/#vins\">Our wines<\/a><\/h3>\n\t\t\t\t<a href=\"http:\/\/www.chateautremouries.com\/boutique\/#huile\" target=\"_self\" itemprop=\"url\" rel=\"noopener\">\n\t\t\t\t<img decoding=\"async\" src=\"https:\/\/www.chateautremouries.com\/wp-content\/uploads\/2016\/12\/BG9A9337-720x400.jpg\" alt=\"BG9A9337\" itemprop=\"image\" title=\"BG9A9337\" onerror=\"this.style.display='none'\"  \/>\n\t\t\t\t<\/a>\n\t<h3><a href=\"http:\/\/www.chateautremouries.com\/boutique\/#huile\">Our olive oil<\/a><\/h3>\n\t\t\t\t<a href=\"http:\/\/www.chateautremouries.com\/boutique\/#epicerie\" target=\"_self\" itemprop=\"url\" rel=\"noopener\">\n\t\t\t\t<img decoding=\"async\" src=\"http:\/\/www.chateautremouries.com\/wp-content\/uploads\/2016\/12\/Bouteilles-e1490266139378-720x400.jpg\" alt=\"Bouteilles\" itemprop=\"image\" title=\"Bouteilles\" onerror=\"this.style.display='none'\"  \/>\n\t\t\t\t<\/a>\n\t<h3><a href=\"http:\/\/www.chateautremouries.com\/boutique\/#epicerie\">Ch\u00e2teau&#8217;s deli<\/a><\/h3>\n\t\t\t<a href=\"#\" target=\"_self\" role=\"button\" rel=\"noopener\">\n\t\t\t\t\t\t\tOUR SHOP\n\t\t\t\t\t<\/a>\n\t<h2>The last news of ch\u00e2teau de Tremouries<\/h2>\n\t\t\t<a href=\"#\" target=\"_self\" role=\"button\" rel=\"noopener\">\n\t\t\t\t\t\t\tALL OUR NEWS\n\t\t\t\t\t<\/a>\n\t<h2>DISCOVER OUR CHARMING COTTAGE &#8220;LA MAISON DES OLIVIERS&#8221;<\/h2>\n\t\t\t\t<img decoding=\"async\" src=\"https:\/\/www.chateautremouries.com\/wp-content\/uploads\/2016\/12\/BG9A9255-1024x630.jpg\" alt=\"BG9A9255\" itemprop=\"image\" title=\"BG9A9255\" onerror=\"this.style.display='none'\"  \/>\n\tPretty small house (32 m\u00b2 ), <strong>is located in the park of the Castle, in the middle of the olive trees<\/strong>.<br \/>\nIt consists of a living room with kitchenette, a bedroom with a double bed, a bathroom and a terrace ( 35 m\u00b2 ) for lunch or dinner, relax or take an aperitif <strong>contemplating the vineyard<\/strong>.\n\t\t\t\t<img loading=\"lazy\" decoding=\"async\" src=\"https:\/\/www.chateautremouries.com\/wp-content\/uploads\/2023\/02\/Digital-Award-TRA-2023-300x300.png\" alt=\"Digital-Award-TRA-2023\" itemprop=\"image\" height=\"300\" width=\"300\" height=\"300\" width=\"300\" title=\"Digital-Award-TRA-2023\" onerror=\"this.style.display='none'\"  \/>\n\t\t\t<a href=\"#\" target=\"_self\" role=\"button\" rel=\"noopener\">\n\t\t\t\t\t\t\tOUR GUESTHOUSE\n\t\t\t\t\t<\/a>\n\t<iframe loading=\"lazy\" src=\"https:\/\/www.google.com\/maps\/embed?pb=!1m18!1m12!1m3!1d32883.89960698075!2d6.557908242942684!3d43.23981920327549!2m3!1f0!2f0!3f0!3m2!1i1024!2i768!4f13.1!3m3!1m2!1s0x12cec9229c9fc4c9%3A0x3579caaecd2e576c!2zQ2jDonRlYXUgVHLDqW1vdXJpw6hz!5e0!3m2!1sfr!2sfr!4v1489507559247\" width=\"100%\" height=\"450\" frameborder=\"0\" allowfullscreen><\/iframe>\n\t<h2>CONTACT\u00a0\u00a0 US<\/h2>\n\t<p><strong>OPENING TIME :<\/strong><\/p>\n<strong>IN SEASON :<br \/>\n<\/strong>Monday to Saturday<br \/>\nFrom 10 am to 1 pm\/ From 1.30 pm to 7.00 pm\n<strong>OUT OF SEASON :<br \/>\n<\/strong>Monday to Saturday<br \/>\nFrom 10.30 am to 12.30 pm\/ from 1.30 pm to 5.30 pm\n<strong>CONTACT US :<br \/>\n<\/strong>Home : 04 94 54 66 21<br \/>\nFax : 04 94 54 06 20<br \/>\nMail : <a href=\"mailto:chateau.tremouries83@gmail.com\">chateau.tremouries83@gmail.com<\/a>\n<strong>VISIT US :<br \/>\n<\/strong>1698, ROUTE DE LA M\u00d4LE<br \/>\n83310 COGOLIN<br \/>\nNEAR THE GULF OF ST.TROPEZ\n\t<p><strong>Envoyer nous directement un message :<\/strong><\/p>\n\n","protected":false},"excerpt":{"rendered":"<p>Let us show you The Castle Of Tr\u00e9mouri\u00e8s Our shop Les ch\u00e2teaux de Tremouries Nestled among the vineyards, around which are planted beautiful rosebushes, the Ch\u00e2teau Tr\u00e9mouri\u00e8s is a small wine estate where quality and expertise are ever present. A typical Provencal setting awaits you in which you can discover its wines which are painstakingly [&hellip;]<\/p>\n","protected":false},"author":8,"featured_media":0,"parent":0,"menu_order":0,"comment_status":"closed","ping_status":"closed","template":"","meta":{"_genesis_hide_title":false,"_genesis_hide_breadcrumbs":false,"_genesis_hide_singular_image":false,"_genesis_hide_footer_widgets":false,"_genesis_custom_body_class":"","_genesis_custom_post_class":"","_genesis_layout":"full-width-content","footnotes":""},"class_list":{"0":"post-665","1":"page","2":"type-page","3":"status-publish","5":"entry"},"yoast_head":"<!-- This site is optimized with the Yoast SEO plugin v27.4 - https:\/\/yoast.com\/product\/yoast-seo-wordpress\/ -->\n<title>Home - Ch\u00e2teau Tremouries<\/title>\n<meta name=\"robots\" content=\"index, follow, max-snippet:-1, max-image-preview:large, max-video-preview:-1\" \/>\n<link rel=\"canonical\" href=\"https:\/\/www.chateautremouries.com\/en\/\" \/>\n<meta property=\"og:locale\" content=\"en_US\" \/>\n<meta property=\"og:type\" content=\"article\" \/>\n<meta property=\"og:title\" content=\"Home - Ch\u00e2teau Tremouries\" \/>\n<meta property=\"og:description\" content=\"Let us show you The Castle Of Tr\u00e9mouri\u00e8s Our shop Les ch\u00e2teaux de Tremouries Nestled among the vineyards, around which are planted beautiful rosebushes, the Ch\u00e2teau Tr\u00e9mouri\u00e8s is a small wine estate where quality and expertise are ever present. A typical Provencal setting awaits you in which you can discover its wines which are painstakingly [&hellip;]\" \/>\n<meta property=\"og:url\" content=\"https:\/\/www.chateautremouries.com\/en\/\" \/>\n<meta property=\"og:site_name\" content=\"Ch\u00e2teau Tremouries\" \/>\n<meta property=\"article:modified_time\" content=\"2023-10-26T06:25:29+00:00\" \/>\n<meta property=\"og:image\" content=\"https:\/\/www.chateautremouries.com\/wp-content\/uploads\/2017\/03\/logo.png\" \/>\n<meta name=\"twitter:card\" content=\"summary_large_image\" \/>\n<meta name=\"twitter:label1\" content=\"Est. reading time\" \/>\n\t<meta name=\"twitter:data1\" content=\"2 minutes\" \/>\n<script type=\"application\/ld+json\" class=\"yoast-schema-graph\">{\"@context\":\"https:\\\/\\\/schema.org\",\"@graph\":[{\"@type\":\"WebPage\",\"@id\":\"https:\\\/\\\/www.chateautremouries.com\\\/en\\\/\",\"url\":\"https:\\\/\\\/www.chateautremouries.com\\\/en\\\/\",\"name\":\"Home - Ch\u00e2teau Tremouries\",\"isPartOf\":{\"@id\":\"https:\\\/\\\/www.chateautremouries.com\\\/#website\"},\"primaryImageOfPage\":{\"@id\":\"https:\\\/\\\/www.chateautremouries.com\\\/en\\\/#primaryimage\"},\"image\":{\"@id\":\"https:\\\/\\\/www.chateautremouries.com\\\/en\\\/#primaryimage\"},\"thumbnailUrl\":\"https:\\\/\\\/www.chateautremouries.com\\\/wp-content\\\/uploads\\\/2017\\\/03\\\/logo.png\",\"datePublished\":\"2017-04-10T12:59:00+00:00\",\"dateModified\":\"2023-10-26T06:25:29+00:00\",\"breadcrumb\":{\"@id\":\"https:\\\/\\\/www.chateautremouries.com\\\/en\\\/#breadcrumb\"},\"inLanguage\":\"en-US\",\"potentialAction\":[{\"@type\":\"ReadAction\",\"target\":[\"https:\\\/\\\/www.chateautremouries.com\\\/en\\\/\"]}]},{\"@type\":\"ImageObject\",\"inLanguage\":\"en-US\",\"@id\":\"https:\\\/\\\/www.chateautremouries.com\\\/en\\\/#primaryimage\",\"url\":\"https:\\\/\\\/www.chateautremouries.com\\\/wp-content\\\/uploads\\\/2017\\\/03\\\/logo.png\",\"contentUrl\":\"https:\\\/\\\/www.chateautremouries.com\\\/wp-content\\\/uploads\\\/2017\\\/03\\\/logo.png\"},{\"@type\":\"BreadcrumbList\",\"@id\":\"https:\\\/\\\/www.chateautremouries.com\\\/en\\\/#breadcrumb\",\"itemListElement\":[{\"@type\":\"ListItem\",\"position\":1,\"name\":\"Accueil\",\"item\":\"https:\\\/\\\/www.chateautremouries.com\\\/en\\\/\"},{\"@type\":\"ListItem\",\"position\":2,\"name\":\"Home\"}]},{\"@type\":\"WebSite\",\"@id\":\"https:\\\/\\\/www.chateautremouries.com\\\/#website\",\"url\":\"https:\\\/\\\/www.chateautremouries.com\\\/\",\"name\":\"Ch\u00e2teau Tremouries\",\"description\":\"Slogan du site\",\"publisher\":{\"@id\":\"https:\\\/\\\/www.chateautremouries.com\\\/#organization\"},\"potentialAction\":[{\"@type\":\"SearchAction\",\"target\":{\"@type\":\"EntryPoint\",\"urlTemplate\":\"https:\\\/\\\/www.chateautremouries.com\\\/?s={search_term_string}\"},\"query-input\":{\"@type\":\"PropertyValueSpecification\",\"valueRequired\":true,\"valueName\":\"search_term_string\"}}],\"inLanguage\":\"en-US\"},{\"@type\":\"Organization\",\"@id\":\"https:\\\/\\\/www.chateautremouries.com\\\/#organization\",\"name\":\"Ch\u00e2teau Tremouries\",\"url\":\"https:\\\/\\\/www.chateautremouries.com\\\/\",\"logo\":{\"@type\":\"ImageObject\",\"inLanguage\":\"en-US\",\"@id\":\"https:\\\/\\\/www.chateautremouries.com\\\/#\\\/schema\\\/logo\\\/image\\\/\",\"url\":\"https:\\\/\\\/www.chateautremouries.com\\\/wp-content\\\/uploads\\\/2017\\\/03\\\/blocpres.png\",\"contentUrl\":\"https:\\\/\\\/www.chateautremouries.com\\\/wp-content\\\/uploads\\\/2017\\\/03\\\/blocpres.png\",\"width\":561,\"height\":410,\"caption\":\"Ch\u00e2teau Tremouries\"},\"image\":{\"@id\":\"https:\\\/\\\/www.chateautremouries.com\\\/#\\\/schema\\\/logo\\\/image\\\/\"}}]}<\/script>\n<!-- \/ Yoast SEO plugin. -->","yoast_head_json":{"title":"Home - Ch\u00e2teau Tremouries","robots":{"index":"index","follow":"follow","max-snippet":"max-snippet:-1","max-image-preview":"max-image-preview:large","max-video-preview":"max-video-preview:-1"},"canonical":"https:\/\/www.chateautremouries.com\/en\/","og_locale":"en_US","og_type":"article","og_title":"Home - Ch\u00e2teau Tremouries","og_description":"Let us show you The Castle Of Tr\u00e9mouri\u00e8s Our shop Les ch\u00e2teaux de Tremouries Nestled among the vineyards, around which are planted beautiful rosebushes, the Ch\u00e2teau Tr\u00e9mouri\u00e8s is a small wine estate where quality and expertise are ever present. A typical Provencal setting awaits you in which you can discover its wines which are painstakingly [&hellip;]","og_url":"https:\/\/www.chateautremouries.com\/en\/","og_site_name":"Ch\u00e2teau Tremouries","article_modified_time":"2023-10-26T06:25:29+00:00","og_image":[{"url":"https:\/\/www.chateautremouries.com\/wp-content\/uploads\/2017\/03\/logo.png","type":"","width":"","height":""}],"twitter_card":"summary_large_image","twitter_misc":{"Est. reading time":"2 minutes"},"schema":{"@context":"https:\/\/schema.org","@graph":[{"@type":"WebPage","@id":"https:\/\/www.chateautremouries.com\/en\/","url":"https:\/\/www.chateautremouries.com\/en\/","name":"Home - Ch\u00e2teau Tremouries","isPartOf":{"@id":"https:\/\/www.chateautremouries.com\/#website"},"primaryImageOfPage":{"@id":"https:\/\/www.chateautremouries.com\/en\/#primaryimage"},"image":{"@id":"https:\/\/www.chateautremouries.com\/en\/#primaryimage"},"thumbnailUrl":"https:\/\/www.chateautremouries.com\/wp-content\/uploads\/2017\/03\/logo.png","datePublished":"2017-04-10T12:59:00+00:00","dateModified":"2023-10-26T06:25:29+00:00","breadcrumb":{"@id":"https:\/\/www.chateautremouries.com\/en\/#breadcrumb"},"inLanguage":"en-US","potentialAction":[{"@type":"ReadAction","target":["https:\/\/www.chateautremouries.com\/en\/"]}]},{"@type":"ImageObject","inLanguage":"en-US","@id":"https:\/\/www.chateautremouries.com\/en\/#primaryimage","url":"https:\/\/www.chateautremouries.com\/wp-content\/uploads\/2017\/03\/logo.png","contentUrl":"https:\/\/www.chateautremouries.com\/wp-content\/uploads\/2017\/03\/logo.png"},{"@type":"BreadcrumbList","@id":"https:\/\/www.chateautremouries.com\/en\/#breadcrumb","itemListElement":[{"@type":"ListItem","position":1,"name":"Accueil","item":"https:\/\/www.chateautremouries.com\/en\/"},{"@type":"ListItem","position":2,"name":"Home"}]},{"@type":"WebSite","@id":"https:\/\/www.chateautremouries.com\/#website","url":"https:\/\/www.chateautremouries.com\/","name":"Ch\u00e2teau Tremouries","description":"Slogan du site","publisher":{"@id":"https:\/\/www.chateautremouries.com\/#organization"},"potentialAction":[{"@type":"SearchAction","target":{"@type":"EntryPoint","urlTemplate":"https:\/\/www.chateautremouries.com\/?s={search_term_string}"},"query-input":{"@type":"PropertyValueSpecification","valueRequired":true,"valueName":"search_term_string"}}],"inLanguage":"en-US"},{"@type":"Organization","@id":"https:\/\/www.chateautremouries.com\/#organization","name":"Ch\u00e2teau Tremouries","url":"https:\/\/www.chateautremouries.com\/","logo":{"@type":"ImageObject","inLanguage":"en-US","@id":"https:\/\/www.chateautremouries.com\/#\/schema\/logo\/image\/","url":"https:\/\/www.chateautremouries.com\/wp-content\/uploads\/2017\/03\/blocpres.png","contentUrl":"https:\/\/www.chateautremouries.com\/wp-content\/uploads\/2017\/03\/blocpres.png","width":561,"height":410,"caption":"Ch\u00e2teau Tremouries"},"image":{"@id":"https:\/\/www.chateautremouries.com\/#\/schema\/logo\/image\/"}}]}},"_links":{"self":[{"href":"https:\/\/www.chateautremouries.com\/en\/wp-json\/wp\/v2\/pages\/665","targetHints":{"allow":["GET"]}}],"collection":[{"href":"https:\/\/www.chateautremouries.com\/en\/wp-json\/wp\/v2\/pages"}],"about":[{"href":"https:\/\/www.chateautremouries.com\/en\/wp-json\/wp\/v2\/types\/page"}],"author":[{"embeddable":true,"href":"https:\/\/www.chateautremouries.com\/en\/wp-json\/wp\/v2\/users\/8"}],"replies":[{"embeddable":true,"href":"https:\/\/www.chateautremouries.com\/en\/wp-json\/wp\/v2\/comments?post=665"}],"version-history":[{"count":3,"href":"https:\/\/www.chateautremouries.com\/en\/wp-json\/wp\/v2\/pages\/665\/revisions"}],"predecessor-version":[{"id":1317,"href":"https:\/\/www.chateautremouries.com\/en\/wp-json\/wp\/v2\/pages\/665\/revisions\/1317"}],"wp:attachment":[{"href":"https:\/\/www.chateautremouries.com\/en\/wp-json\/wp\/v2\/media?parent=665"}],"curies":[{"name":"wp","href":"https:\/\/api.w.org\/{rel}","templated":true}]}}