{"id":716,"date":"2017-04-20T10:02:53","date_gmt":"2017-04-20T08:02:53","guid":{"rendered":"http:\/\/www.chateautremouries.com\/?page_id=716\/"},"modified":"2023-10-26T08:28:00","modified_gmt":"2023-10-26T06:28:00","slug":"our-history","status":"publish","type":"page","link":"https:\/\/www.chateautremouries.com\/en\/our-history\/","title":{"rendered":"Our history"},"content":{"rendered":"<p>\t\t\t\t<img loading=\"lazy\" decoding=\"async\" src=\"http:\/\/www.chateautremouries.com\/wp-content\/uploads\/2017\/03\/chateau_tremouries.jpg\" alt=\"chateau_tremouries\" itemprop=\"image\" height=\"476\" width=\"960\"  \/><\/p>\n<h1 style=\"text-align: center;\">Notre Histoire<\/h1>\n<p>Le Golf de Saint-Tropez regorge de produits <strong>de qualit\u00e9 dont les saveurs subtiles contribuent \u00e0 la renomm\u00e9e de sa gastronomie et de ses vins<\/strong>. La terre du Golfe de Saint-Tropez est g\u00e9n\u00e9reuse. Gorg\u00e9e de soleil et rafraichie par les vents, nos vignobles produisent des vins de typicit\u00e9 diff\u00e9rente tout en offrant une qualit\u00e9 commune\u00a0: <strong>l\u2019\u00e9l\u00e9gance<\/strong>.<\/p>\n<p>\t\t\t\t<img loading=\"lazy\" decoding=\"async\" src=\"http:\/\/www.chateautremouries.com\/wp-content\/uploads\/2016\/12\/BG9A9258.jpg\" alt=\"BG9A9258\" itemprop=\"image\" height=\"2880\" width=\"1920\"  \/><\/p>\n<h2 style=\"text-align: center;\">Commanderie Templi\u00e8re<\/h2>\n<p style=\"text-align: justify;\">Il y a huit cent ans, au c\u0153ur du massif des Maures, \u00e0 moins de deux lieues du profond Golfe de Saint-Tropez, sur un coteau surplombant la vall\u00e9e de la M\u00f4le, les Templiers faisaient construire une commanderie. <strong>Elle surv\u00e9cut \u00e0 la destruction de l\u2019Ordre du Temple par Philippe le Bel, et devint finalement le Ch\u00e2teau de Tremouries. <\/strong>Ce ch\u00e2teau situ\u00e9 \u00e0 l&#8217;entr\u00e9e de COGOLIN est l&#8217;un des plus anciens du village. Il conserve de son glorieux pass\u00e9 un embl\u00e8me templier, la croix retrouv\u00e9e par les propri\u00e9taires et qui est devenu le logo du domaine.<\/p>\n<h2 style=\"text-align: center;\">Du Bl\u00e9 \u00e0 la Vigne<\/h2>\n<p style=\"text-align: justify;\">Flanqu\u00e9 d\u2019un des <strong>rares moulins encore visibles<\/strong>, il fut d\u2019abord entour\u00e9 des c\u00e9r\u00e9ales pauvres d\u2019une Provence aride. La vigne vint plus tard, et ce fut un v\u00e9ritable retour aux sources, dans la r\u00e9gion c\u00f4ti\u00e8re o\u00f9 s\u2019\u00e9taient d\u00e9velopp\u00e9s tr\u00e8s t\u00f4t les vignobles de la Gaule Romaine.<\/p>\n<h2 style=\"text-align: center;\">Le Vin et la Soie<\/h2>\n<p style=\"text-align: justify;\">Apr\u00e8s l\u2019adjonction d\u2019une magnanerie, le Ch\u00e2teau fut aussi consacr\u00e9 \u00e0 l\u2019\u00e9levage du ver \u00e0 soie, nourri de feuilles de m\u00fbriers, <strong>d\u2019o\u00f9 le nom de Ch\u00e2teau des Trois M\u00fbriers ou Casteou di Tr\u00e9mouri\u00e8s<\/strong>. M\u00fbriers qui sont toujours pr\u00e9sents.<\/p>\n<h2 style=\"text-align: center;\">Enjeu Militaire<\/h2>\n<p>&nbsp;<\/p>\n<p style=\"text-align: justify;\">Durant la seconde guerre mondiale, <strong>le Ch\u00e2teau de Tr\u00e9mouri\u00e8s f\u00fbt r\u00e9quisitionn\u00e9 par les forces d\u2019occupation<\/strong>, et servit de Kommandantur. Devenu un enjeu militaire, le Ch\u00e2teau fut l\u2019objet d\u2019un assaut par les forces Alli\u00e9es, qui le reprirent le 15 ao\u00fbt 1944. Cette courte mais chaude bataille est comm\u00e9mor\u00e9e par une plaque \u00e0 l\u2019entr\u00e9e sud du Ch\u00e2teau.<\/p>\n<p>\t\t\t\t<img loading=\"lazy\" decoding=\"async\" src=\"http:\/\/www.chateautremouries.com\/wp-content\/uploads\/2017\/03\/BG9A9150.jpg\" alt=\"BG9A9150\" itemprop=\"image\" height=\"3144\" width=\"1920\"  \/><br \/>\n\t\t\t\t<img loading=\"lazy\" decoding=\"async\" src=\"http:\/\/www.chateautremouries.com\/wp-content\/uploads\/2017\/03\/Resized_20170111_161851-1.jpeg\" alt=\"Resized_20170111_161851 (1)\" itemprop=\"image\" height=\"720\" width=\"1280\"  \/><br \/>\n\t\t\t\t<img loading=\"lazy\" decoding=\"async\" src=\"http:\/\/www.chateautremouries.com\/wp-content\/uploads\/2017\/03\/BG9A9307-768x362.jpg\" alt=\"BG9A9307\" itemprop=\"image\" height=\"362\" width=\"768\"  \/><\/p>\n<h2 style=\"text-align: center;\">Retour aux sources<\/h2>\n<p style=\"text-align: justify;\">Apr\u00e8s une minutieuse restauration architecturale de 10 ann\u00e9es, le Ch\u00e2teau de Tremouries se consacre maintenant \u00e0 <strong>la culture de la vigne et de l\u2019olivier,<\/strong> et \u00e0 l\u2019am\u00e9lioration constante de ses vins AOP de qualit\u00e9\u00a0: ros\u00e9s, blancs, rouges vieillis en f\u00fbt de ch\u00eane.<\/p>\n","protected":false},"excerpt":{"rendered":"<p>Notre Histoire Le Golf de Saint-Tropez regorge de produits de qualit\u00e9 dont les saveurs subtiles contribuent \u00e0 la renomm\u00e9e de sa gastronomie et de ses vins. La terre du Golfe de Saint-Tropez est g\u00e9n\u00e9reuse. Gorg\u00e9e de soleil et rafraichie par les vents, nos vignobles produisent des vins de typicit\u00e9 diff\u00e9rente tout en offrant une qualit\u00e9 [&hellip;]<\/p>\n","protected":false},"author":7,"featured_media":0,"parent":0,"menu_order":0,"comment_status":"closed","ping_status":"closed","template":"","meta":{"_genesis_hide_title":false,"_genesis_hide_breadcrumbs":false,"_genesis_hide_singular_image":false,"_genesis_hide_footer_widgets":false,"_genesis_custom_body_class":"","_genesis_custom_post_class":"","_genesis_layout":"","footnotes":""},"class_list":{"0":"post-716","1":"page","2":"type-page","3":"status-publish","5":"entry"},"yoast_head":"<!-- This site is optimized with the Yoast SEO plugin v27.4 - https:\/\/yoast.com\/product\/yoast-seo-wordpress\/ -->\n<title>Our history - Ch\u00e2teau Tremouries<\/title>\n<meta name=\"robots\" content=\"index, follow, max-snippet:-1, max-image-preview:large, max-video-preview:-1\" \/>\n<link rel=\"canonical\" href=\"https:\/\/www.chateautremouries.com\/en\/our-history\/\" \/>\n<meta property=\"og:locale\" content=\"en_US\" \/>\n<meta property=\"og:type\" content=\"article\" \/>\n<meta property=\"og:title\" content=\"Our history - Ch\u00e2teau Tremouries\" \/>\n<meta property=\"og:description\" content=\"Notre Histoire Le Golf de Saint-Tropez regorge de produits de qualit\u00e9 dont les saveurs subtiles contribuent \u00e0 la renomm\u00e9e de sa gastronomie et de ses vins. La terre du Golfe de Saint-Tropez est g\u00e9n\u00e9reuse. Gorg\u00e9e de soleil et rafraichie par les vents, nos vignobles produisent des vins de typicit\u00e9 diff\u00e9rente tout en offrant une qualit\u00e9 [&hellip;]\" \/>\n<meta property=\"og:url\" content=\"https:\/\/www.chateautremouries.com\/en\/our-history\/\" \/>\n<meta property=\"og:site_name\" content=\"Ch\u00e2teau Tremouries\" \/>\n<meta property=\"article:modified_time\" content=\"2023-10-26T06:28:00+00:00\" \/>\n<meta property=\"og:image\" content=\"http:\/\/www.chateautremouries.com\/wp-content\/uploads\/2017\/03\/chateau_tremouries.jpg\" \/>\n<meta name=\"twitter:card\" content=\"summary_large_image\" \/>\n<meta name=\"twitter:label1\" content=\"Est. reading time\" \/>\n\t<meta name=\"twitter:data1\" content=\"2 minutes\" \/>\n<script type=\"application\/ld+json\" class=\"yoast-schema-graph\">{\"@context\":\"https:\\\/\\\/schema.org\",\"@graph\":[{\"@type\":\"WebPage\",\"@id\":\"https:\\\/\\\/www.chateautremouries.com\\\/en\\\/our-history\\\/\",\"url\":\"https:\\\/\\\/www.chateautremouries.com\\\/en\\\/our-history\\\/\",\"name\":\"Our history - Ch\u00e2teau Tremouries\",\"isPartOf\":{\"@id\":\"https:\\\/\\\/www.chateautremouries.com\\\/#website\"},\"primaryImageOfPage\":{\"@id\":\"https:\\\/\\\/www.chateautremouries.com\\\/en\\\/our-history\\\/#primaryimage\"},\"image\":{\"@id\":\"https:\\\/\\\/www.chateautremouries.com\\\/en\\\/our-history\\\/#primaryimage\"},\"thumbnailUrl\":\"http:\\\/\\\/www.chateautremouries.com\\\/wp-content\\\/uploads\\\/2017\\\/03\\\/chateau_tremouries.jpg\",\"datePublished\":\"2017-04-20T08:02:53+00:00\",\"dateModified\":\"2023-10-26T06:28:00+00:00\",\"breadcrumb\":{\"@id\":\"https:\\\/\\\/www.chateautremouries.com\\\/en\\\/our-history\\\/#breadcrumb\"},\"inLanguage\":\"en-US\",\"potentialAction\":[{\"@type\":\"ReadAction\",\"target\":[\"https:\\\/\\\/www.chateautremouries.com\\\/en\\\/our-history\\\/\"]}]},{\"@type\":\"ImageObject\",\"inLanguage\":\"en-US\",\"@id\":\"https:\\\/\\\/www.chateautremouries.com\\\/en\\\/our-history\\\/#primaryimage\",\"url\":\"http:\\\/\\\/www.chateautremouries.com\\\/wp-content\\\/uploads\\\/2017\\\/03\\\/chateau_tremouries.jpg\",\"contentUrl\":\"http:\\\/\\\/www.chateautremouries.com\\\/wp-content\\\/uploads\\\/2017\\\/03\\\/chateau_tremouries.jpg\"},{\"@type\":\"BreadcrumbList\",\"@id\":\"https:\\\/\\\/www.chateautremouries.com\\\/en\\\/our-history\\\/#breadcrumb\",\"itemListElement\":[{\"@type\":\"ListItem\",\"position\":1,\"name\":\"Accueil\",\"item\":\"https:\\\/\\\/www.chateautremouries.com\\\/en\\\/\"},{\"@type\":\"ListItem\",\"position\":2,\"name\":\"Our history\"}]},{\"@type\":\"WebSite\",\"@id\":\"https:\\\/\\\/www.chateautremouries.com\\\/#website\",\"url\":\"https:\\\/\\\/www.chateautremouries.com\\\/\",\"name\":\"Ch\u00e2teau Tremouries\",\"description\":\"Slogan du site\",\"publisher\":{\"@id\":\"https:\\\/\\\/www.chateautremouries.com\\\/#organization\"},\"potentialAction\":[{\"@type\":\"SearchAction\",\"target\":{\"@type\":\"EntryPoint\",\"urlTemplate\":\"https:\\\/\\\/www.chateautremouries.com\\\/?s={search_term_string}\"},\"query-input\":{\"@type\":\"PropertyValueSpecification\",\"valueRequired\":true,\"valueName\":\"search_term_string\"}}],\"inLanguage\":\"en-US\"},{\"@type\":\"Organization\",\"@id\":\"https:\\\/\\\/www.chateautremouries.com\\\/#organization\",\"name\":\"Ch\u00e2teau Tremouries\",\"url\":\"https:\\\/\\\/www.chateautremouries.com\\\/\",\"logo\":{\"@type\":\"ImageObject\",\"inLanguage\":\"en-US\",\"@id\":\"https:\\\/\\\/www.chateautremouries.com\\\/#\\\/schema\\\/logo\\\/image\\\/\",\"url\":\"https:\\\/\\\/www.chateautremouries.com\\\/wp-content\\\/uploads\\\/2017\\\/03\\\/blocpres.png\",\"contentUrl\":\"https:\\\/\\\/www.chateautremouries.com\\\/wp-content\\\/uploads\\\/2017\\\/03\\\/blocpres.png\",\"width\":561,\"height\":410,\"caption\":\"Ch\u00e2teau Tremouries\"},\"image\":{\"@id\":\"https:\\\/\\\/www.chateautremouries.com\\\/#\\\/schema\\\/logo\\\/image\\\/\"}}]}<\/script>\n<!-- \/ Yoast SEO plugin. -->","yoast_head_json":{"title":"Our history - Ch\u00e2teau Tremouries","robots":{"index":"index","follow":"follow","max-snippet":"max-snippet:-1","max-image-preview":"max-image-preview:large","max-video-preview":"max-video-preview:-1"},"canonical":"https:\/\/www.chateautremouries.com\/en\/our-history\/","og_locale":"en_US","og_type":"article","og_title":"Our history - Ch\u00e2teau Tremouries","og_description":"Notre Histoire Le Golf de Saint-Tropez regorge de produits de qualit\u00e9 dont les saveurs subtiles contribuent \u00e0 la renomm\u00e9e de sa gastronomie et de ses vins. La terre du Golfe de Saint-Tropez est g\u00e9n\u00e9reuse. Gorg\u00e9e de soleil et rafraichie par les vents, nos vignobles produisent des vins de typicit\u00e9 diff\u00e9rente tout en offrant une qualit\u00e9 [&hellip;]","og_url":"https:\/\/www.chateautremouries.com\/en\/our-history\/","og_site_name":"Ch\u00e2teau Tremouries","article_modified_time":"2023-10-26T06:28:00+00:00","og_image":[{"url":"http:\/\/www.chateautremouries.com\/wp-content\/uploads\/2017\/03\/chateau_tremouries.jpg","type":"","width":"","height":""}],"twitter_card":"summary_large_image","twitter_misc":{"Est. reading time":"2 minutes"},"schema":{"@context":"https:\/\/schema.org","@graph":[{"@type":"WebPage","@id":"https:\/\/www.chateautremouries.com\/en\/our-history\/","url":"https:\/\/www.chateautremouries.com\/en\/our-history\/","name":"Our history - Ch\u00e2teau Tremouries","isPartOf":{"@id":"https:\/\/www.chateautremouries.com\/#website"},"primaryImageOfPage":{"@id":"https:\/\/www.chateautremouries.com\/en\/our-history\/#primaryimage"},"image":{"@id":"https:\/\/www.chateautremouries.com\/en\/our-history\/#primaryimage"},"thumbnailUrl":"http:\/\/www.chateautremouries.com\/wp-content\/uploads\/2017\/03\/chateau_tremouries.jpg","datePublished":"2017-04-20T08:02:53+00:00","dateModified":"2023-10-26T06:28:00+00:00","breadcrumb":{"@id":"https:\/\/www.chateautremouries.com\/en\/our-history\/#breadcrumb"},"inLanguage":"en-US","potentialAction":[{"@type":"ReadAction","target":["https:\/\/www.chateautremouries.com\/en\/our-history\/"]}]},{"@type":"ImageObject","inLanguage":"en-US","@id":"https:\/\/www.chateautremouries.com\/en\/our-history\/#primaryimage","url":"http:\/\/www.chateautremouries.com\/wp-content\/uploads\/2017\/03\/chateau_tremouries.jpg","contentUrl":"http:\/\/www.chateautremouries.com\/wp-content\/uploads\/2017\/03\/chateau_tremouries.jpg"},{"@type":"BreadcrumbList","@id":"https:\/\/www.chateautremouries.com\/en\/our-history\/#breadcrumb","itemListElement":[{"@type":"ListItem","position":1,"name":"Accueil","item":"https:\/\/www.chateautremouries.com\/en\/"},{"@type":"ListItem","position":2,"name":"Our history"}]},{"@type":"WebSite","@id":"https:\/\/www.chateautremouries.com\/#website","url":"https:\/\/www.chateautremouries.com\/","name":"Ch\u00e2teau Tremouries","description":"Slogan du site","publisher":{"@id":"https:\/\/www.chateautremouries.com\/#organization"},"potentialAction":[{"@type":"SearchAction","target":{"@type":"EntryPoint","urlTemplate":"https:\/\/www.chateautremouries.com\/?s={search_term_string}"},"query-input":{"@type":"PropertyValueSpecification","valueRequired":true,"valueName":"search_term_string"}}],"inLanguage":"en-US"},{"@type":"Organization","@id":"https:\/\/www.chateautremouries.com\/#organization","name":"Ch\u00e2teau Tremouries","url":"https:\/\/www.chateautremouries.com\/","logo":{"@type":"ImageObject","inLanguage":"en-US","@id":"https:\/\/www.chateautremouries.com\/#\/schema\/logo\/image\/","url":"https:\/\/www.chateautremouries.com\/wp-content\/uploads\/2017\/03\/blocpres.png","contentUrl":"https:\/\/www.chateautremouries.com\/wp-content\/uploads\/2017\/03\/blocpres.png","width":561,"height":410,"caption":"Ch\u00e2teau Tremouries"},"image":{"@id":"https:\/\/www.chateautremouries.com\/#\/schema\/logo\/image\/"}}]}},"_links":{"self":[{"href":"https:\/\/www.chateautremouries.com\/en\/wp-json\/wp\/v2\/pages\/716","targetHints":{"allow":["GET"]}}],"collection":[{"href":"https:\/\/www.chateautremouries.com\/en\/wp-json\/wp\/v2\/pages"}],"about":[{"href":"https:\/\/www.chateautremouries.com\/en\/wp-json\/wp\/v2\/types\/page"}],"author":[{"embeddable":true,"href":"https:\/\/www.chateautremouries.com\/en\/wp-json\/wp\/v2\/users\/7"}],"replies":[{"embeddable":true,"href":"https:\/\/www.chateautremouries.com\/en\/wp-json\/wp\/v2\/comments?post=716"}],"version-history":[{"count":3,"href":"https:\/\/www.chateautremouries.com\/en\/wp-json\/wp\/v2\/pages\/716\/revisions"}],"predecessor-version":[{"id":1321,"href":"https:\/\/www.chateautremouries.com\/en\/wp-json\/wp\/v2\/pages\/716\/revisions\/1321"}],"wp:attachment":[{"href":"https:\/\/www.chateautremouries.com\/en\/wp-json\/wp\/v2\/media?parent=716"}],"curies":[{"name":"wp","href":"https:\/\/api.w.org\/{rel}","templated":true}]}}