{"id":725,"date":"2016-12-29T12:19:55","date_gmt":"2016-12-29T11:19:55","guid":{"rendered":"http:\/\/www.chateautremouries.com\/?page_id=725\/"},"modified":"2020-10-15T12:25:34","modified_gmt":"2020-10-15T10:25:34","slug":"contact","status":"publish","type":"page","link":"https:\/\/www.chateautremouries.com\/en\/contact\/","title":{"rendered":"Contact"},"content":{"rendered":"<h1 style=\"text-align: center; text-transform: uppercase;\">contactez Nous<\/h1>\n<p style=\"text-align: justify;\"><strong style=\"text-transform: uppercase;\">Nous rendre visite :<\/strong><br \/>\n1698 Route de la Mole &#8211; 83310 Cogolin<br \/>\nPr\u00e8s du Golf de Saint-Tropez<\/p>\n<p style=\"text-align: justify;\">Vous nous trouverez facilement<strong> sur la D98<\/strong> (ex Nationale 98), <strong>\u00e0 un kilom\u00e8tre de Cogolin<\/strong>, en allant vers la M\u00f4le.<\/p>\n<p style=\"text-align: justify;\">Au rond point de l\u2019Arm\u00e9e d\u2019Afrique qui marque l\u2019entr\u00e9e de Cogolin, prenez la <strong>direction La M\u00f4le, Hy\u00e8res, Toulon<\/strong>.<\/p>\n<p style=\"text-align: justify;\">Au carrefour suivant (pipe en pierre), continuez tout droit. Vous y \u00eates presque. Un panneau ch\u00e2teau de TR\u00c9MOURIES l&#8217;annonce.<\/p>\n<p style=\"text-align: justify;\">D\u00e8s que vous voyez le premier grand panneau avec une bouteille de ros\u00e9 TR\u00c9MOURIES , ralentissez\u00a0! <strong>L\u2019entr\u00e9e du domaine est \u00e0 200 m<\/strong>, largement ouverte pour vous dans la haie de cypr\u00e8s qui prot\u00e8ge notre vignoble.<\/p>\n<p><strong>Coordonn\u00e9es GPS :<\/strong>\u00a043\u00b0 14,362 N &#8211;\u00a006\u00b0 31,592 E<\/p>\n<p><strong>Horaires d&#8217;ouverture en saison :<br \/>\n<\/strong>du lundi au samedi<br \/>\nDe 10h00 \u00e0 13h00<br \/>\nde 13h30 \u00e0 19h00<\/p>\n<p><strong style=\"text-transform: uppercase;\">Horaires d&#8217;ouverture hors saison :<br \/>\n<\/strong>du lundi au samedi<br \/>\nDe 10h30 \u00e0 12h30<br \/>\nde 13h30 \u00e0 17h30<\/p>\n<p><strong style=\"text-transform: uppercase;\">Nous joindre<\/strong><br \/>\n1698 Route de la Mole<br \/>\n83310 Cogolin<br \/>\n04 94 54 66 21 (tel)<br \/>\n04 94 54 06 20 (fax)<br \/>\nMail : <a href=\"mailto:chateau.tremouries83@gmail.com\">chateau.tremouries83@gmail.com<\/a><\/p>\n<p><strong style=\"text-transform: uppercase;\">Envoyez nous un petit message :<\/strong><\/p>\n<p><em>L&#8217;abus d&#8217;alcool est dangereux pour la sant\u00e9, \u00e0 consommer avec mod\u00e9ration<\/em><\/p>\n<p>\t<iframe loading=\"lazy\" src=\"https:\/\/www.google.com\/maps\/embed?pb=!1m18!1m12!1m3!1d32883.89960698075!2d6.557908242942684!3d43.23981920327549!2m3!1f0!2f0!3f0!3m2!1i1024!2i768!4f13.1!3m3!1m2!1s0x12cec9229c9fc4c9%3A0x3579caaecd2e576c!2zQ2jDonRlYXUgVHLDqW1vdXJpw6hz!5e0!3m2!1sfr!2sfr!4v1489507559247\" width=\"100%\" height=\"450\" frameborder=\"0\" style=\"border:0\" allowfullscreen><\/iframe><\/p>\n","protected":false},"excerpt":{"rendered":"<p>contactez Nous Nous rendre visite : 1698 Route de la Mole &#8211; 83310 Cogolin Pr\u00e8s du Golf de Saint-Tropez Vous nous trouverez facilement sur la D98 (ex Nationale 98), \u00e0 un kilom\u00e8tre de Cogolin, en allant vers la M\u00f4le. Au rond point de l\u2019Arm\u00e9e d\u2019Afrique qui marque l\u2019entr\u00e9e de Cogolin, prenez la direction La M\u00f4le, [&hellip;]<\/p>\n","protected":false},"author":7,"featured_media":0,"parent":0,"menu_order":0,"comment_status":"closed","ping_status":"closed","template":"","meta":{"_genesis_hide_title":false,"_genesis_hide_breadcrumbs":false,"_genesis_hide_singular_image":false,"_genesis_hide_footer_widgets":false,"_genesis_custom_body_class":"","_genesis_custom_post_class":"","_genesis_layout":"","footnotes":""},"class_list":{"0":"post-725","1":"page","2":"type-page","3":"status-publish","5":"entry"},"yoast_head":"<!-- This site is optimized with the Yoast SEO plugin v27.4 - https:\/\/yoast.com\/product\/yoast-seo-wordpress\/ -->\n<title>Contact - Ch\u00e2teau Tremouries<\/title>\n<meta name=\"robots\" content=\"index, follow, max-snippet:-1, max-image-preview:large, max-video-preview:-1\" \/>\n<link rel=\"canonical\" href=\"https:\/\/www.chateautremouries.com\/en\/contact\/\" \/>\n<meta property=\"og:locale\" content=\"en_US\" \/>\n<meta property=\"og:type\" content=\"article\" \/>\n<meta property=\"og:title\" content=\"Contact - Ch\u00e2teau Tremouries\" \/>\n<meta property=\"og:description\" content=\"contactez Nous Nous rendre visite : 1698 Route de la Mole &#8211; 83310 Cogolin Pr\u00e8s du Golf de Saint-Tropez Vous nous trouverez facilement sur la D98 (ex Nationale 98), \u00e0 un kilom\u00e8tre de Cogolin, en allant vers la M\u00f4le. Au rond point de l\u2019Arm\u00e9e d\u2019Afrique qui marque l\u2019entr\u00e9e de Cogolin, prenez la direction La M\u00f4le, [&hellip;]\" \/>\n<meta property=\"og:url\" content=\"https:\/\/www.chateautremouries.com\/en\/contact\/\" \/>\n<meta property=\"og:site_name\" content=\"Ch\u00e2teau Tremouries\" \/>\n<meta property=\"article:modified_time\" content=\"2020-10-15T10:25:34+00:00\" \/>\n<meta name=\"twitter:card\" content=\"summary_large_image\" \/>\n<meta name=\"twitter:label1\" content=\"Est. reading time\" \/>\n\t<meta name=\"twitter:data1\" content=\"1 minute\" \/>\n<script type=\"application\/ld+json\" class=\"yoast-schema-graph\">{\"@context\":\"https:\\\/\\\/schema.org\",\"@graph\":[{\"@type\":\"WebPage\",\"@id\":\"https:\\\/\\\/www.chateautremouries.com\\\/en\\\/contact\\\/\",\"url\":\"https:\\\/\\\/www.chateautremouries.com\\\/en\\\/contact\\\/\",\"name\":\"Contact - Ch\u00e2teau Tremouries\",\"isPartOf\":{\"@id\":\"https:\\\/\\\/www.chateautremouries.com\\\/#website\"},\"datePublished\":\"2016-12-29T11:19:55+00:00\",\"dateModified\":\"2020-10-15T10:25:34+00:00\",\"breadcrumb\":{\"@id\":\"https:\\\/\\\/www.chateautremouries.com\\\/en\\\/contact\\\/#breadcrumb\"},\"inLanguage\":\"en-US\",\"potentialAction\":[{\"@type\":\"ReadAction\",\"target\":[\"https:\\\/\\\/www.chateautremouries.com\\\/en\\\/contact\\\/\"]}]},{\"@type\":\"BreadcrumbList\",\"@id\":\"https:\\\/\\\/www.chateautremouries.com\\\/en\\\/contact\\\/#breadcrumb\",\"itemListElement\":[{\"@type\":\"ListItem\",\"position\":1,\"name\":\"Accueil\",\"item\":\"https:\\\/\\\/www.chateautremouries.com\\\/en\\\/\"},{\"@type\":\"ListItem\",\"position\":2,\"name\":\"Contact\"}]},{\"@type\":\"WebSite\",\"@id\":\"https:\\\/\\\/www.chateautremouries.com\\\/#website\",\"url\":\"https:\\\/\\\/www.chateautremouries.com\\\/\",\"name\":\"Ch\u00e2teau Tremouries\",\"description\":\"Slogan du site\",\"publisher\":{\"@id\":\"https:\\\/\\\/www.chateautremouries.com\\\/#organization\"},\"potentialAction\":[{\"@type\":\"SearchAction\",\"target\":{\"@type\":\"EntryPoint\",\"urlTemplate\":\"https:\\\/\\\/www.chateautremouries.com\\\/?s={search_term_string}\"},\"query-input\":{\"@type\":\"PropertyValueSpecification\",\"valueRequired\":true,\"valueName\":\"search_term_string\"}}],\"inLanguage\":\"en-US\"},{\"@type\":\"Organization\",\"@id\":\"https:\\\/\\\/www.chateautremouries.com\\\/#organization\",\"name\":\"Ch\u00e2teau Tremouries\",\"url\":\"https:\\\/\\\/www.chateautremouries.com\\\/\",\"logo\":{\"@type\":\"ImageObject\",\"inLanguage\":\"en-US\",\"@id\":\"https:\\\/\\\/www.chateautremouries.com\\\/#\\\/schema\\\/logo\\\/image\\\/\",\"url\":\"https:\\\/\\\/www.chateautremouries.com\\\/wp-content\\\/uploads\\\/2017\\\/03\\\/blocpres.png\",\"contentUrl\":\"https:\\\/\\\/www.chateautremouries.com\\\/wp-content\\\/uploads\\\/2017\\\/03\\\/blocpres.png\",\"width\":561,\"height\":410,\"caption\":\"Ch\u00e2teau Tremouries\"},\"image\":{\"@id\":\"https:\\\/\\\/www.chateautremouries.com\\\/#\\\/schema\\\/logo\\\/image\\\/\"}}]}<\/script>\n<!-- \/ Yoast SEO plugin. -->","yoast_head_json":{"title":"Contact - Ch\u00e2teau Tremouries","robots":{"index":"index","follow":"follow","max-snippet":"max-snippet:-1","max-image-preview":"max-image-preview:large","max-video-preview":"max-video-preview:-1"},"canonical":"https:\/\/www.chateautremouries.com\/en\/contact\/","og_locale":"en_US","og_type":"article","og_title":"Contact - Ch\u00e2teau Tremouries","og_description":"contactez Nous Nous rendre visite : 1698 Route de la Mole &#8211; 83310 Cogolin Pr\u00e8s du Golf de Saint-Tropez Vous nous trouverez facilement sur la D98 (ex Nationale 98), \u00e0 un kilom\u00e8tre de Cogolin, en allant vers la M\u00f4le. Au rond point de l\u2019Arm\u00e9e d\u2019Afrique qui marque l\u2019entr\u00e9e de Cogolin, prenez la direction La M\u00f4le, [&hellip;]","og_url":"https:\/\/www.chateautremouries.com\/en\/contact\/","og_site_name":"Ch\u00e2teau Tremouries","article_modified_time":"2020-10-15T10:25:34+00:00","twitter_card":"summary_large_image","twitter_misc":{"Est. reading time":"1 minute"},"schema":{"@context":"https:\/\/schema.org","@graph":[{"@type":"WebPage","@id":"https:\/\/www.chateautremouries.com\/en\/contact\/","url":"https:\/\/www.chateautremouries.com\/en\/contact\/","name":"Contact - Ch\u00e2teau Tremouries","isPartOf":{"@id":"https:\/\/www.chateautremouries.com\/#website"},"datePublished":"2016-12-29T11:19:55+00:00","dateModified":"2020-10-15T10:25:34+00:00","breadcrumb":{"@id":"https:\/\/www.chateautremouries.com\/en\/contact\/#breadcrumb"},"inLanguage":"en-US","potentialAction":[{"@type":"ReadAction","target":["https:\/\/www.chateautremouries.com\/en\/contact\/"]}]},{"@type":"BreadcrumbList","@id":"https:\/\/www.chateautremouries.com\/en\/contact\/#breadcrumb","itemListElement":[{"@type":"ListItem","position":1,"name":"Accueil","item":"https:\/\/www.chateautremouries.com\/en\/"},{"@type":"ListItem","position":2,"name":"Contact"}]},{"@type":"WebSite","@id":"https:\/\/www.chateautremouries.com\/#website","url":"https:\/\/www.chateautremouries.com\/","name":"Ch\u00e2teau Tremouries","description":"Slogan du site","publisher":{"@id":"https:\/\/www.chateautremouries.com\/#organization"},"potentialAction":[{"@type":"SearchAction","target":{"@type":"EntryPoint","urlTemplate":"https:\/\/www.chateautremouries.com\/?s={search_term_string}"},"query-input":{"@type":"PropertyValueSpecification","valueRequired":true,"valueName":"search_term_string"}}],"inLanguage":"en-US"},{"@type":"Organization","@id":"https:\/\/www.chateautremouries.com\/#organization","name":"Ch\u00e2teau Tremouries","url":"https:\/\/www.chateautremouries.com\/","logo":{"@type":"ImageObject","inLanguage":"en-US","@id":"https:\/\/www.chateautremouries.com\/#\/schema\/logo\/image\/","url":"https:\/\/www.chateautremouries.com\/wp-content\/uploads\/2017\/03\/blocpres.png","contentUrl":"https:\/\/www.chateautremouries.com\/wp-content\/uploads\/2017\/03\/blocpres.png","width":561,"height":410,"caption":"Ch\u00e2teau Tremouries"},"image":{"@id":"https:\/\/www.chateautremouries.com\/#\/schema\/logo\/image\/"}}]}},"_links":{"self":[{"href":"https:\/\/www.chateautremouries.com\/en\/wp-json\/wp\/v2\/pages\/725","targetHints":{"allow":["GET"]}}],"collection":[{"href":"https:\/\/www.chateautremouries.com\/en\/wp-json\/wp\/v2\/pages"}],"about":[{"href":"https:\/\/www.chateautremouries.com\/en\/wp-json\/wp\/v2\/types\/page"}],"author":[{"embeddable":true,"href":"https:\/\/www.chateautremouries.com\/en\/wp-json\/wp\/v2\/users\/7"}],"replies":[{"embeddable":true,"href":"https:\/\/www.chateautremouries.com\/en\/wp-json\/wp\/v2\/comments?post=725"}],"version-history":[{"count":3,"href":"https:\/\/www.chateautremouries.com\/en\/wp-json\/wp\/v2\/pages\/725\/revisions"}],"predecessor-version":[{"id":1136,"href":"https:\/\/www.chateautremouries.com\/en\/wp-json\/wp\/v2\/pages\/725\/revisions\/1136"}],"wp:attachment":[{"href":"https:\/\/www.chateautremouries.com\/en\/wp-json\/wp\/v2\/media?parent=725"}],"curies":[{"name":"wp","href":"https:\/\/api.w.org\/{rel}","templated":true}]}}