{"id":727,"date":"2017-04-20T10:23:58","date_gmt":"2017-04-20T08:23:58","guid":{"rendered":"http:\/\/www.chateautremouries.com\/?page_id=727\/"},"modified":"2023-10-26T08:27:22","modified_gmt":"2023-10-26T06:27:22","slug":"shop","status":"publish","type":"page","link":"https:\/\/www.chateautremouries.com\/en\/shop\/","title":{"rendered":"Our store"},"content":{"rendered":"\n\t<h1>Our shop<\/h1>\n\t\t\t\t<img loading=\"lazy\" decoding=\"async\" src=\"https:\/\/www.chateautremouries.com\/wp-content\/uploads\/2017\/03\/vins.jpg\" alt=\"vins\" itemprop=\"image\" height=\"176\" width=\"1190\" title=\"vins\" onerror=\"this.style.display='none'\"  \/>\n\t<h2>Our wines<\/h2>\n<div class=\"woocommerce columns-3 \"><ul class=\"products\">\n<li class=\"post-1117 product type-product status-publish has-post-thumbnail product_cat-vins-en entry first instock taxable shipping-taxable purchasable product-type-variable has-default-attributes\">\n\t<a href=\"https:\/\/www.chateautremouries.com\/en\/shop\/red-wine-2013-cotes-de-provences\/\" class=\"woocommerce-LoopProduct-link woocommerce-loop-product__link\"><img loading=\"lazy\" decoding=\"async\" width=\"300\" height=\"300\" src=\"https:\/\/www.chateautremouries.com\/wp-content\/uploads\/2017\/03\/rouge.png\" class=\"attachment-woocommerce_thumbnail size-woocommerce_thumbnail\" alt=\"Red wine - 2013 - Ch\u00e2teau Tr\u00e9mouri\u00e8s&lt;br&gt;&lt;span class=&quot;lightText&quot;&gt;C\u00f4tes de Provences&lt;span&gt;\" srcset=\"https:\/\/www.chateautremouries.com\/wp-content\/uploads\/2017\/03\/rouge.png 330w, https:\/\/www.chateautremouries.com\/wp-content\/uploads\/2017\/03\/rouge-150x150.png 150w, https:\/\/www.chateautremouries.com\/wp-content\/uploads\/2017\/03\/rouge-300x300.png 300w, https:\/\/www.chateautremouries.com\/wp-content\/uploads\/2017\/03\/rouge-180x180.png 180w\" sizes=\"auto, (max-width: 300px) 100vw, 300px\" \/><h2 class=\"woocommerce-loop-product__title\">Red wine &#8211; 2013 &#8211; Ch\u00e2teau Tr\u00e9mouri\u00e8s<br><span class=\"lightText\">C\u00f4tes de Provences<span><\/h2>\n<\/a><a href= \"https:\/\/www.chateautremouries.com\/en\/shop\/red-wine-2013-cotes-de-provences\/\" class=\"button product_type_variable add_to_cart_button\">Commander<\/a><\/li>\n<li class=\"post-1130 product type-product status-publish has-post-thumbnail product_cat-vins-en entry  instock taxable shipping-taxable purchasable product-type-simple\">\n\t<a href=\"https:\/\/www.chateautremouries.com\/en\/shop\/red-wine-2014-cotes-de-provences\/\" class=\"woocommerce-LoopProduct-link woocommerce-loop-product__link\"><img loading=\"lazy\" decoding=\"async\" width=\"300\" height=\"300\" src=\"https:\/\/www.chateautremouries.com\/wp-content\/uploads\/2017\/03\/rouge.png\" class=\"attachment-woocommerce_thumbnail size-woocommerce_thumbnail\" alt=\"Red wine - 2014 - Ch\u00e2teau Tr\u00e9mouri\u00e8s&lt;br&gt;&lt;span class=&quot;lightText&quot;&gt;C\u00f4tes de Provences&lt;span&gt;\" srcset=\"https:\/\/www.chateautremouries.com\/wp-content\/uploads\/2017\/03\/rouge.png 330w, https:\/\/www.chateautremouries.com\/wp-content\/uploads\/2017\/03\/rouge-150x150.png 150w, https:\/\/www.chateautremouries.com\/wp-content\/uploads\/2017\/03\/rouge-300x300.png 300w, https:\/\/www.chateautremouries.com\/wp-content\/uploads\/2017\/03\/rouge-180x180.png 180w\" sizes=\"auto, (max-width: 300px) 100vw, 300px\" \/><h2 class=\"woocommerce-loop-product__title\">Red wine &#8211; 2014 &#8211; Ch\u00e2teau Tr\u00e9mouri\u00e8s<br><span class=\"lightText\">C\u00f4tes de Provences<span><\/h2>\n\t<span class=\"price\"><span class=\"woocommerce-Price-amount amount\"><bdi>126,00<span class=\"woocommerce-Price-currencySymbol\">&euro;<\/span><\/bdi><\/span> <small class=\"woocommerce-price-suffix\">TTC<\/small><\/span>\n<\/a><a href= \"https:\/\/www.chateautremouries.com\/en\/shop\/red-wine-2014-cotes-de-provences\/\" class=\"button product_type_variable add_to_cart_button\">Commander<\/a><\/li>\n<li class=\"post-1248 product type-product status-publish has-post-thumbnail product_cat-vins-en entry last instock taxable shipping-taxable purchasable product-type-variable has-default-attributes\">\n\t<a href=\"https:\/\/www.chateautremouries.com\/en\/shop\/vin-rose-2022-cotes-de-provences\/\" class=\"woocommerce-LoopProduct-link woocommerce-loop-product__link\"><img loading=\"lazy\" decoding=\"async\" width=\"300\" height=\"300\" src=\"https:\/\/www.chateautremouries.com\/wp-content\/uploads\/2023\/07\/IMG_1745-300x300.jpg\" class=\"attachment-woocommerce_thumbnail size-woocommerce_thumbnail\" alt=\"Ros\u00e9 Wine - 2022 - Ch\u00e2teau &lt;br&gt;Tr\u00e9mouri\u00e8s  &lt;br&gt;&lt;span class=&quot;lightText&quot;&gt;C\u00f4tes de Provences&lt;span&gt;\" srcset=\"https:\/\/www.chateautremouries.com\/wp-content\/uploads\/2023\/07\/IMG_1745-300x300.jpg 300w, https:\/\/www.chateautremouries.com\/wp-content\/uploads\/2023\/07\/IMG_1745-150x150.jpg 150w, https:\/\/www.chateautremouries.com\/wp-content\/uploads\/2023\/07\/IMG_1745-100x100.jpg 100w\" sizes=\"auto, (max-width: 300px) 100vw, 300px\" \/><h2 class=\"woocommerce-loop-product__title\">Ros\u00e9 Wine &#8211; 2022 &#8211; Ch\u00e2teau <br>Tr\u00e9mouri\u00e8s  <br><span class=\"lightText\">C\u00f4tes de Provences<span><\/h2>\n<\/a><a href= \"https:\/\/www.chateautremouries.com\/en\/shop\/vin-rose-2022-cotes-de-provences\/\" class=\"button product_type_variable add_to_cart_button\">Commander<\/a><\/li>\n<li class=\"post-1251 product type-product status-publish has-post-thumbnail product_cat-vins-en entry first instock taxable shipping-taxable purchasable product-type-simple\">\n\t<a href=\"https:\/\/www.chateautremouries.com\/en\/shop\/vin-blanc-2022-cotes-de-provences\/\" class=\"woocommerce-LoopProduct-link woocommerce-loop-product__link\"><img loading=\"lazy\" decoding=\"async\" width=\"300\" height=\"300\" src=\"https:\/\/www.chateautremouries.com\/wp-content\/uploads\/2017\/03\/blanc.png\" class=\"attachment-woocommerce_thumbnail size-woocommerce_thumbnail\" alt=\"White wine - 2022 - Ch\u00e2teau Tr\u00e9mouri\u00e8s&lt;br&gt;&lt;span class=&quot;lightText&quot;&gt;C\u00f4tes de Provences&lt;span&gt;\" srcset=\"https:\/\/www.chateautremouries.com\/wp-content\/uploads\/2017\/03\/blanc.png 330w, https:\/\/www.chateautremouries.com\/wp-content\/uploads\/2017\/03\/blanc-150x150.png 150w, https:\/\/www.chateautremouries.com\/wp-content\/uploads\/2017\/03\/blanc-300x300.png 300w, https:\/\/www.chateautremouries.com\/wp-content\/uploads\/2017\/03\/blanc-180x180.png 180w\" sizes=\"auto, (max-width: 300px) 100vw, 300px\" \/><h2 class=\"woocommerce-loop-product__title\">White wine &#8211; 2022 &#8211; Ch\u00e2teau Tr\u00e9mouri\u00e8s<br><span class=\"lightText\">C\u00f4tes de Provences<span><\/h2>\n\t<span class=\"price\"><span class=\"woocommerce-Price-amount amount\"><bdi>114,00<span class=\"woocommerce-Price-currencySymbol\">&euro;<\/span><\/bdi><\/span> <small class=\"woocommerce-price-suffix\">TTC<\/small><\/span>\n<\/a><a href= \"https:\/\/www.chateautremouries.com\/en\/shop\/vin-blanc-2022-cotes-de-provences\/\" class=\"button product_type_variable add_to_cart_button\">Commander<\/a><\/li>\n<\/ul>\n<\/div>\n\t\t\t\t<img loading=\"lazy\" decoding=\"async\" src=\"https:\/\/www.chateautremouries.com\/wp-content\/uploads\/2017\/03\/huile.jpg\" alt=\"huile\" itemprop=\"image\" height=\"176\" width=\"1190\" title=\"huile\" onerror=\"this.style.display='none'\"  \/>\n\t<h2>OUR OLIVE OIL<\/h2>\n<div class=\"woocommerce columns-3 \"><ul class=\"products\">\n<li class=\"post-1119 product type-product status-publish has-post-thumbnail product_cat-huile-dolive-en entry first instock taxable shipping-taxable purchasable product-type-simple\">\n\t<a href=\"https:\/\/www.chateautremouries.com\/en\/shop\/olive-oil-aop\/\" class=\"woocommerce-LoopProduct-link woocommerce-loop-product__link\"><img loading=\"lazy\" decoding=\"async\" width=\"300\" height=\"300\" src=\"https:\/\/www.chateautremouries.com\/wp-content\/uploads\/2016\/12\/BG9A9337-300x300.jpg\" class=\"attachment-woocommerce_thumbnail size-woocommerce_thumbnail\" alt=\"PDO Olive Oil &lt;br&gt;&lt;span class=&quot;lightText&quot;&gt;Chateau Tr\u00e9mouri\u00e8s&lt;span&gt;\" srcset=\"https:\/\/www.chateautremouries.com\/wp-content\/uploads\/2016\/12\/BG9A9337-300x300.jpg 300w, https:\/\/www.chateautremouries.com\/wp-content\/uploads\/2016\/12\/BG9A9337-150x150.jpg 150w, https:\/\/www.chateautremouries.com\/wp-content\/uploads\/2016\/12\/BG9A9337-180x180.jpg 180w\" sizes=\"auto, (max-width: 300px) 100vw, 300px\" \/><h2 class=\"woocommerce-loop-product__title\">PDO Olive Oil <br><span class=\"lightText\">Chateau Tr\u00e9mouri\u00e8s<span><\/h2>\n\t<span class=\"price\"><span class=\"woocommerce-Price-amount amount\"><bdi>30,00<span class=\"woocommerce-Price-currencySymbol\">&euro;<\/span><\/bdi><\/span> <small class=\"woocommerce-price-suffix\">TTC<\/small><\/span>\n<\/a><a href= \"https:\/\/www.chateautremouries.com\/en\/shop\/olive-oil-aop\/\" class=\"button product_type_variable add_to_cart_button\">Commander<\/a><\/li>\n<li class=\"post-1120 product type-product status-publish has-post-thumbnail product_cat-huile-dolive-en entry  instock taxable shipping-taxable purchasable product-type-simple\">\n\t<a href=\"https:\/\/www.chateautremouries.com\/en\/shop\/extra-virgin-olive-oil\/\" class=\"woocommerce-LoopProduct-link woocommerce-loop-product__link\"><img loading=\"lazy\" decoding=\"async\" width=\"300\" height=\"300\" src=\"https:\/\/www.chateautremouries.com\/wp-content\/uploads\/2017\/03\/huile.png\" class=\"attachment-woocommerce_thumbnail size-woocommerce_thumbnail\" alt=\"Extra virgin olive oil &lt;br&gt;&lt;span class=&quot;lightText&quot;&gt;Chateau Tr\u00e9mouri\u00e8s&lt;span&gt;\" srcset=\"https:\/\/www.chateautremouries.com\/wp-content\/uploads\/2017\/03\/huile.png 330w, https:\/\/www.chateautremouries.com\/wp-content\/uploads\/2017\/03\/huile-150x150.png 150w, https:\/\/www.chateautremouries.com\/wp-content\/uploads\/2017\/03\/huile-300x300.png 300w, https:\/\/www.chateautremouries.com\/wp-content\/uploads\/2017\/03\/huile-180x180.png 180w\" sizes=\"auto, (max-width: 300px) 100vw, 300px\" \/><h2 class=\"woocommerce-loop-product__title\">Extra virgin olive oil <br><span class=\"lightText\">Chateau Tr\u00e9mouri\u00e8s<span><\/h2>\n\t<span class=\"price\"><span class=\"woocommerce-Price-amount amount\"><bdi>20,00<span class=\"woocommerce-Price-currencySymbol\">&euro;<\/span><\/bdi><\/span> <small class=\"woocommerce-price-suffix\">TTC<\/small><\/span>\n<\/a><a href= \"https:\/\/www.chateautremouries.com\/en\/shop\/extra-virgin-olive-oil\/\" class=\"button product_type_variable add_to_cart_button\">Commander<\/a><\/li>\n<\/ul>\n<\/div>\n\t\t\t\t<img loading=\"lazy\" decoding=\"async\" src=\"https:\/\/www.chateautremouries.com\/wp-content\/uploads\/2017\/03\/epicerie.jpg\" alt=\"epicerie\" itemprop=\"image\" height=\"176\" width=\"1190\" title=\"epicerie\" onerror=\"this.style.display='none'\"  \/>\n\t<h2>CHATEAU\u2019S DELI<\/h2>\n\t\t\t\t<img loading=\"lazy\" decoding=\"async\" src=\"https:\/\/www.chateautremouries.com\/wp-content\/uploads\/2017\/06\/140424-300x300-1498641397.jpeg\" alt=\"140424\" itemprop=\"image\" height=\"300\" width=\"300\" title=\"140424\" onerror=\"this.style.display='none'\"  \/>\n\t<strong>Confit de Basilic<\/strong><br \/>\nCh\u00e2teau Tr\u00e9mouries\n\t\t\t\t<img loading=\"lazy\" decoding=\"async\" src=\"https:\/\/www.chateautremouries.com\/wp-content\/uploads\/2017\/06\/141537-300x300-1498641706.jpeg\" alt=\"141537\" itemprop=\"image\" height=\"300\" width=\"300\" title=\"141537\" onerror=\"this.style.display='none'\"  \/>\n\t<strong>Cr\u00e9meux Lavande<\/strong><br \/>\nCh\u00e2teau Tr\u00e9mouries\n\t\t\t\t<img loading=\"lazy\" decoding=\"async\" src=\"https:\/\/www.chateautremouries.com\/wp-content\/uploads\/2017\/06\/DSC3434-300x300-1498640979.jpg\" alt=\"_DSC3434\" itemprop=\"image\" height=\"300\" width=\"300\" title=\"_DSC3434\" onerror=\"this.style.display='none'\"  \/>\n\t<strong>Huile d&#8217;olive \u00e0 l&#8217;anis et au fenouil<\/strong><br \/>\nCh\u00e2teau Tr\u00e9mouries\n\t\t\t\t<img loading=\"lazy\" decoding=\"async\" src=\"https:\/\/www.chateautremouries.com\/wp-content\/uploads\/2020\/10\/Vinaigre-Blanc-225x300.jpg\" alt=\"Vinaigre Blanc\" itemprop=\"image\" height=\"300\" width=\"300\" height=\"300\" width=\"300\" title=\"Vinaigre Blanc\" onerror=\"this.style.display='none'\"  \/>\n\t<strong>Vinaigre balsamique Blanc <\/strong><br \/>\nCh\u00e2teau Tr\u00e9mouries\n\t\t\t\t<img loading=\"lazy\" decoding=\"async\" src=\"https:\/\/www.chateautremouries.com\/wp-content\/uploads\/2017\/06\/DSC3436-300x300-1498641329.jpg\" alt=\"_DSC3436\" itemprop=\"image\" height=\"300\" width=\"300\" title=\"_DSC3436\" onerror=\"this.style.display='none'\"  \/>\n\t<strong>Confit de Romarin<\/strong><br \/>\nCh\u00e2teau Tr\u00e9mouries\n\t\t\t\t<img loading=\"lazy\" decoding=\"async\" src=\"https:\/\/www.chateautremouries.com\/wp-content\/uploads\/2017\/06\/141608-300x300-1498641652.jpeg\" alt=\"141608\" itemprop=\"image\" height=\"300\" width=\"300\" title=\"141608\" onerror=\"this.style.display='none'\"  \/>\n\t<strong>Cr\u00e9meux rose<\/strong><br \/>\nCh\u00e2teau Tr\u00e9mouries\n\t\t\t\t<img decoding=\"async\" src=\"https:\/\/www.chateautremouries.com\/wp-content\/uploads\/2017\/06\/DSC3438-e1498636683551-300x300-1498640805.jpg\" alt=\"_DSC3438\" itemprop=\"image\" title=\"_DSC3438\" onerror=\"this.style.display='none'\"  \/>\n\t<strong>Huile d&#8217;olive au Basilic<\/strong><br \/>\nCh\u00e2teau Tr\u00e9mouries\n\t\t\t\t<img loading=\"lazy\" decoding=\"async\" src=\"https:\/\/www.chateautremouries.com\/wp-content\/uploads\/2020\/10\/Vinaigre-Rouge-225x300.jpg\" alt=\"Vinaigre Rouge\" itemprop=\"image\" height=\"300\" width=\"300\" height=\"300\" width=\"300\" title=\"Vinaigre Rouge\" onerror=\"this.style.display='none'\"  \/>\n\t<strong>Vinaigre Balsamique Rouge<\/strong><br \/>\nCh\u00e2teau Tr\u00e9mouries\n\t\t\t\t<img loading=\"lazy\" decoding=\"async\" src=\"https:\/\/www.chateautremouries.com\/wp-content\/uploads\/2017\/06\/141420-300x300-1498641060.jpeg\" alt=\"141420\" itemprop=\"image\" height=\"300\" width=\"300\" title=\"141420\" onerror=\"this.style.display='none'\"  \/>\n\t<strong>Confit de Thym<\/strong><br \/>\nCh\u00e2teau Tr\u00e9mouries\n\t\t\t\t<img loading=\"lazy\" decoding=\"async\" src=\"https:\/\/www.chateautremouries.com\/wp-content\/uploads\/2017\/06\/141641-169x300.jpeg\" alt=\"141641\" itemprop=\"image\" height=\"300\" width=\"300\" height=\"300\" width=\"300\" title=\"141641\" onerror=\"this.style.display='none'\"  \/>\n\t<strong>Cr\u00e9meux violette<\/strong><br \/>\nCh\u00e2teau Tr\u00e9mouries\n\t\t\t\t<img loading=\"lazy\" decoding=\"async\" src=\"https:\/\/www.chateautremouries.com\/wp-content\/uploads\/2017\/06\/DSC3440-300x300-1498640659.jpg\" alt=\"_DSC3440\" itemprop=\"image\" height=\"300\" width=\"300\" title=\"_DSC3440\" onerror=\"this.style.display='none'\"  \/>\n\t<strong>Moutarde au pastis<\/strong><br \/>\nCh\u00e2teau Tr\u00e9mouries\n     <a title=\"Our wines\" href=\"#vins\"><img decoding=\"async\" src=\"https:\/\/www.chateautremouries.com\/wp-content\/uploads\/2017\/04\/bt-vin.png\" \/><\/a> \n     <a title=\"The olive oil\" href=\"#huile\"><img decoding=\"async\" src=\"https:\/\/www.chateautremouries.com\/wp-content\/uploads\/2017\/04\/bt-huile.png\" \/><\/a>\n     <a title=\"Chateau's deli\" href=\"#epicerie\"><img decoding=\"async\" src=\"https:\/\/www.chateautremouries.com\/wp-content\/uploads\/2017\/04\/bt-epicerie.png\" \/><\/a>\n","protected":false},"excerpt":{"rendered":"<p>Our shop Our wines OUR OLIVE OIL CHATEAU\u2019S DELI Confit de Basilic Ch\u00e2teau Tr\u00e9mouries Cr\u00e9meux Lavande Ch\u00e2teau Tr\u00e9mouries Huile d&#8217;olive \u00e0 l&#8217;anis et au fenouil Ch\u00e2teau Tr\u00e9mouries Vinaigre balsamique Blanc Ch\u00e2teau Tr\u00e9mouries Confit de Romarin Ch\u00e2teau Tr\u00e9mouries Cr\u00e9meux rose Ch\u00e2teau Tr\u00e9mouries Huile d&#8217;olive au Basilic Ch\u00e2teau Tr\u00e9mouries Vinaigre Balsamique Rouge Ch\u00e2teau Tr\u00e9mouries Confit de Thym [&hellip;]<\/p>\n","protected":false},"author":7,"featured_media":0,"parent":0,"menu_order":0,"comment_status":"closed","ping_status":"closed","template":"","meta":{"_genesis_hide_title":false,"_genesis_hide_breadcrumbs":false,"_genesis_hide_singular_image":false,"_genesis_hide_footer_widgets":false,"_genesis_custom_body_class":"","_genesis_custom_post_class":"","_genesis_layout":"","footnotes":""},"class_list":{"0":"post-727","1":"page","2":"type-page","3":"status-publish","5":"entry"},"yoast_head":"<!-- This site is optimized with the Yoast SEO plugin v27.4 - https:\/\/yoast.com\/product\/yoast-seo-wordpress\/ -->\n<title>Our store - Ch\u00e2teau Tremouries<\/title>\n<meta name=\"robots\" content=\"index, follow, max-snippet:-1, max-image-preview:large, max-video-preview:-1\" \/>\n<link rel=\"canonical\" href=\"https:\/\/www.chateautremouries.com\/en\/shop\/\" \/>\n<meta property=\"og:locale\" content=\"en_US\" \/>\n<meta property=\"og:type\" content=\"article\" \/>\n<meta property=\"og:title\" content=\"Our store - Ch\u00e2teau Tremouries\" \/>\n<meta property=\"og:description\" content=\"Our shop Our wines OUR OLIVE OIL CHATEAU\u2019S DELI Confit de Basilic Ch\u00e2teau Tr\u00e9mouries Cr\u00e9meux Lavande Ch\u00e2teau Tr\u00e9mouries Huile d&#8217;olive \u00e0 l&#8217;anis et au fenouil Ch\u00e2teau Tr\u00e9mouries Vinaigre balsamique Blanc Ch\u00e2teau Tr\u00e9mouries Confit de Romarin Ch\u00e2teau Tr\u00e9mouries Cr\u00e9meux rose Ch\u00e2teau Tr\u00e9mouries Huile d&#8217;olive au Basilic Ch\u00e2teau Tr\u00e9mouries Vinaigre Balsamique Rouge Ch\u00e2teau Tr\u00e9mouries Confit de Thym [&hellip;]\" \/>\n<meta property=\"og:url\" content=\"https:\/\/www.chateautremouries.com\/en\/shop\/\" \/>\n<meta property=\"og:site_name\" content=\"Ch\u00e2teau Tremouries\" \/>\n<meta property=\"article:modified_time\" content=\"2023-10-26T06:27:22+00:00\" \/>\n<meta property=\"og:image\" content=\"https:\/\/www.chateautremouries.com\/wp-content\/uploads\/2017\/03\/vins.jpg\" \/>\n<meta name=\"twitter:card\" content=\"summary_large_image\" \/>\n<meta name=\"twitter:label1\" content=\"Est. reading time\" \/>\n\t<meta name=\"twitter:data1\" content=\"1 minute\" \/>\n<script type=\"application\/ld+json\" class=\"yoast-schema-graph\">{\"@context\":\"https:\\\/\\\/schema.org\",\"@graph\":[{\"@type\":\"WebPage\",\"@id\":\"https:\\\/\\\/www.chateautremouries.com\\\/en\\\/shop\\\/\",\"url\":\"https:\\\/\\\/www.chateautremouries.com\\\/en\\\/shop\\\/\",\"name\":\"Our store - Ch\u00e2teau Tremouries\",\"isPartOf\":{\"@id\":\"https:\\\/\\\/www.chateautremouries.com\\\/#website\"},\"primaryImageOfPage\":{\"@id\":\"https:\\\/\\\/www.chateautremouries.com\\\/en\\\/shop\\\/#primaryimage\"},\"image\":{\"@id\":\"https:\\\/\\\/www.chateautremouries.com\\\/en\\\/shop\\\/#primaryimage\"},\"thumbnailUrl\":\"https:\\\/\\\/www.chateautremouries.com\\\/wp-content\\\/uploads\\\/2017\\\/03\\\/vins.jpg\",\"datePublished\":\"2017-04-20T08:23:58+00:00\",\"dateModified\":\"2023-10-26T06:27:22+00:00\",\"breadcrumb\":{\"@id\":\"https:\\\/\\\/www.chateautremouries.com\\\/en\\\/shop\\\/#breadcrumb\"},\"inLanguage\":\"en-US\",\"potentialAction\":[{\"@type\":\"ReadAction\",\"target\":[\"https:\\\/\\\/www.chateautremouries.com\\\/en\\\/shop\\\/\"]}]},{\"@type\":\"ImageObject\",\"inLanguage\":\"en-US\",\"@id\":\"https:\\\/\\\/www.chateautremouries.com\\\/en\\\/shop\\\/#primaryimage\",\"url\":\"https:\\\/\\\/www.chateautremouries.com\\\/wp-content\\\/uploads\\\/2017\\\/03\\\/vins.jpg\",\"contentUrl\":\"https:\\\/\\\/www.chateautremouries.com\\\/wp-content\\\/uploads\\\/2017\\\/03\\\/vins.jpg\"},{\"@type\":\"BreadcrumbList\",\"@id\":\"https:\\\/\\\/www.chateautremouries.com\\\/en\\\/shop\\\/#breadcrumb\",\"itemListElement\":[{\"@type\":\"ListItem\",\"position\":1,\"name\":\"Accueil\",\"item\":\"https:\\\/\\\/www.chateautremouries.com\\\/en\\\/\"},{\"@type\":\"ListItem\",\"position\":2,\"name\":\"Our store\"}]},{\"@type\":\"WebSite\",\"@id\":\"https:\\\/\\\/www.chateautremouries.com\\\/#website\",\"url\":\"https:\\\/\\\/www.chateautremouries.com\\\/\",\"name\":\"Ch\u00e2teau Tremouries\",\"description\":\"Slogan du site\",\"publisher\":{\"@id\":\"https:\\\/\\\/www.chateautremouries.com\\\/#organization\"},\"potentialAction\":[{\"@type\":\"SearchAction\",\"target\":{\"@type\":\"EntryPoint\",\"urlTemplate\":\"https:\\\/\\\/www.chateautremouries.com\\\/?s={search_term_string}\"},\"query-input\":{\"@type\":\"PropertyValueSpecification\",\"valueRequired\":true,\"valueName\":\"search_term_string\"}}],\"inLanguage\":\"en-US\"},{\"@type\":\"Organization\",\"@id\":\"https:\\\/\\\/www.chateautremouries.com\\\/#organization\",\"name\":\"Ch\u00e2teau Tremouries\",\"url\":\"https:\\\/\\\/www.chateautremouries.com\\\/\",\"logo\":{\"@type\":\"ImageObject\",\"inLanguage\":\"en-US\",\"@id\":\"https:\\\/\\\/www.chateautremouries.com\\\/#\\\/schema\\\/logo\\\/image\\\/\",\"url\":\"https:\\\/\\\/www.chateautremouries.com\\\/wp-content\\\/uploads\\\/2017\\\/03\\\/blocpres.png\",\"contentUrl\":\"https:\\\/\\\/www.chateautremouries.com\\\/wp-content\\\/uploads\\\/2017\\\/03\\\/blocpres.png\",\"width\":561,\"height\":410,\"caption\":\"Ch\u00e2teau Tremouries\"},\"image\":{\"@id\":\"https:\\\/\\\/www.chateautremouries.com\\\/#\\\/schema\\\/logo\\\/image\\\/\"}}]}<\/script>\n<!-- \/ Yoast SEO plugin. -->","yoast_head_json":{"title":"Our store - Ch\u00e2teau Tremouries","robots":{"index":"index","follow":"follow","max-snippet":"max-snippet:-1","max-image-preview":"max-image-preview:large","max-video-preview":"max-video-preview:-1"},"canonical":"https:\/\/www.chateautremouries.com\/en\/shop\/","og_locale":"en_US","og_type":"article","og_title":"Our store - Ch\u00e2teau Tremouries","og_description":"Our shop Our wines OUR OLIVE OIL CHATEAU\u2019S DELI Confit de Basilic Ch\u00e2teau Tr\u00e9mouries Cr\u00e9meux Lavande Ch\u00e2teau Tr\u00e9mouries Huile d&#8217;olive \u00e0 l&#8217;anis et au fenouil Ch\u00e2teau Tr\u00e9mouries Vinaigre balsamique Blanc Ch\u00e2teau Tr\u00e9mouries Confit de Romarin Ch\u00e2teau Tr\u00e9mouries Cr\u00e9meux rose Ch\u00e2teau Tr\u00e9mouries Huile d&#8217;olive au Basilic Ch\u00e2teau Tr\u00e9mouries Vinaigre Balsamique Rouge Ch\u00e2teau Tr\u00e9mouries Confit de Thym [&hellip;]","og_url":"https:\/\/www.chateautremouries.com\/en\/shop\/","og_site_name":"Ch\u00e2teau Tremouries","article_modified_time":"2023-10-26T06:27:22+00:00","og_image":[{"url":"https:\/\/www.chateautremouries.com\/wp-content\/uploads\/2017\/03\/vins.jpg","type":"","width":"","height":""}],"twitter_card":"summary_large_image","twitter_misc":{"Est. reading time":"1 minute"},"schema":{"@context":"https:\/\/schema.org","@graph":[{"@type":"WebPage","@id":"https:\/\/www.chateautremouries.com\/en\/shop\/","url":"https:\/\/www.chateautremouries.com\/en\/shop\/","name":"Our store - Ch\u00e2teau Tremouries","isPartOf":{"@id":"https:\/\/www.chateautremouries.com\/#website"},"primaryImageOfPage":{"@id":"https:\/\/www.chateautremouries.com\/en\/shop\/#primaryimage"},"image":{"@id":"https:\/\/www.chateautremouries.com\/en\/shop\/#primaryimage"},"thumbnailUrl":"https:\/\/www.chateautremouries.com\/wp-content\/uploads\/2017\/03\/vins.jpg","datePublished":"2017-04-20T08:23:58+00:00","dateModified":"2023-10-26T06:27:22+00:00","breadcrumb":{"@id":"https:\/\/www.chateautremouries.com\/en\/shop\/#breadcrumb"},"inLanguage":"en-US","potentialAction":[{"@type":"ReadAction","target":["https:\/\/www.chateautremouries.com\/en\/shop\/"]}]},{"@type":"ImageObject","inLanguage":"en-US","@id":"https:\/\/www.chateautremouries.com\/en\/shop\/#primaryimage","url":"https:\/\/www.chateautremouries.com\/wp-content\/uploads\/2017\/03\/vins.jpg","contentUrl":"https:\/\/www.chateautremouries.com\/wp-content\/uploads\/2017\/03\/vins.jpg"},{"@type":"BreadcrumbList","@id":"https:\/\/www.chateautremouries.com\/en\/shop\/#breadcrumb","itemListElement":[{"@type":"ListItem","position":1,"name":"Accueil","item":"https:\/\/www.chateautremouries.com\/en\/"},{"@type":"ListItem","position":2,"name":"Our store"}]},{"@type":"WebSite","@id":"https:\/\/www.chateautremouries.com\/#website","url":"https:\/\/www.chateautremouries.com\/","name":"Ch\u00e2teau Tremouries","description":"Slogan du site","publisher":{"@id":"https:\/\/www.chateautremouries.com\/#organization"},"potentialAction":[{"@type":"SearchAction","target":{"@type":"EntryPoint","urlTemplate":"https:\/\/www.chateautremouries.com\/?s={search_term_string}"},"query-input":{"@type":"PropertyValueSpecification","valueRequired":true,"valueName":"search_term_string"}}],"inLanguage":"en-US"},{"@type":"Organization","@id":"https:\/\/www.chateautremouries.com\/#organization","name":"Ch\u00e2teau Tremouries","url":"https:\/\/www.chateautremouries.com\/","logo":{"@type":"ImageObject","inLanguage":"en-US","@id":"https:\/\/www.chateautremouries.com\/#\/schema\/logo\/image\/","url":"https:\/\/www.chateautremouries.com\/wp-content\/uploads\/2017\/03\/blocpres.png","contentUrl":"https:\/\/www.chateautremouries.com\/wp-content\/uploads\/2017\/03\/blocpres.png","width":561,"height":410,"caption":"Ch\u00e2teau Tremouries"},"image":{"@id":"https:\/\/www.chateautremouries.com\/#\/schema\/logo\/image\/"}}]}},"_links":{"self":[{"href":"https:\/\/www.chateautremouries.com\/en\/wp-json\/wp\/v2\/pages\/727","targetHints":{"allow":["GET"]}}],"collection":[{"href":"https:\/\/www.chateautremouries.com\/en\/wp-json\/wp\/v2\/pages"}],"about":[{"href":"https:\/\/www.chateautremouries.com\/en\/wp-json\/wp\/v2\/types\/page"}],"author":[{"embeddable":true,"href":"https:\/\/www.chateautremouries.com\/en\/wp-json\/wp\/v2\/users\/7"}],"replies":[{"embeddable":true,"href":"https:\/\/www.chateautremouries.com\/en\/wp-json\/wp\/v2\/comments?post=727"}],"version-history":[{"count":3,"href":"https:\/\/www.chateautremouries.com\/en\/wp-json\/wp\/v2\/pages\/727\/revisions"}],"predecessor-version":[{"id":1319,"href":"https:\/\/www.chateautremouries.com\/en\/wp-json\/wp\/v2\/pages\/727\/revisions\/1319"}],"wp:attachment":[{"href":"https:\/\/www.chateautremouries.com\/en\/wp-json\/wp\/v2\/media?parent=727"}],"curies":[{"name":"wp","href":"https:\/\/api.w.org\/{rel}","templated":true}]}}